{"id":10145,"date":"2017-10-15T01:18:35","date_gmt":"2017-10-15T05:18:35","guid":{"rendered":"http:\/\/sogestal.com\/?page_id=10145"},"modified":"2023-11-06T16:05:40","modified_gmt":"2023-11-06T21:05:40","slug":"10145-2","status":"publish","type":"page","link":"https:\/\/sogestal.com\/fr\/","title":{"rendered":"Sogestal Home"},"content":{"rendered":"<div class=\"wpb-content-wrapper\"><p>[vc_row section_type=\u00a0\u00bbfullwidth\u00a0\u00bb header_feature=\u00a0\u00bbyes\u00a0\u00bb][vc_column][rev_slider_vc alias=\u00a0\u00bbh2&Prime;][\/vc_column][\/vc_row][vc_row margin_bottom=\u00a0\u00bb0&Prime; padding_bottom=\u00a0\u00bb50&Prime; section_id=\u00a0\u00bbabout\u00a0\u00bb][vc_column css=\u00a0\u00bb.vc_custom_1444663604145{padding-right: 15% !important;padding-left: 15% !important;}\u00a0\u00bb]<div class=\"grve-element grve-slogan grve-align-center grve-animated-item grve-fadeInUp\" style=\"\" data-delay=\"400\">  <p class=\"grve-leader-text\">De propri\u00e9taires canadiens exclusivement, \u00e9tabli en 2015. Sogestal travaille en partenariat avec des facilit\u00e9s qui produisent des Plats Pr\u00e9par\u00e9s pour des compagnies de service alimentaire bien connues \u00e0 travers l\u2019Am\u00e9rique du Nord. B\u00e9n\u00e9ficiant d&rsquo;un groupe diversifi\u00e9 de r\u00e9seau professionnel et des installations de l&rsquo;ACIA \/ FDA en Am\u00e9rique du Nord, avec une capacit\u00e9 de production mensuelle de plus de 400,000 produits alimentaires \u00e0 tout moment, pour r\u00e9pondre \u00e0 tous vos besoins.<\/p><\/div>[\/vc_column][\/vc_row][vc_row margin_bottom=\u00a0\u00bb0&Prime;][vc_column]<div class=\"grve-element grve-hr \" style=\"\"><div class=\"grve-line-divider\"><\/div><\/div>[\/vc_column][\/vc_row][vc_row padding_top=\u00a0\u00bb100&Prime; padding_bottom=\u00a0\u00bb100&Prime; margin_bottom=\u00a0\u00bb0&Prime; section_id=\u00a0\u00bbfeatures\u00a0\u00bb][vc_column tablet_sm_width=\u00a0\u00bb1-2&Prime;][vc_row_inner][vc_column_inner width=\u00a0\u00bb1\/2&Prime;]<div class=\"grve-element grve-slogan grve-align-left grve-animated-item grve-fadeInLeft\" style=\"\" data-delay=\"200\"><div class=\"grve-subtitle\">La comp\u00e9tence r\u00e9sulte d\u2019une accumulation profonde<\/div><h2 class=\"grve-slogan-title grve-align-left grve-h2\"><span>Investissement<span class=\"grve-title-line grve-bg-primary-1\" style=\"width: 50px;height: 2px;\"><\/span><\/span><\/h2>  <p class=\"\">Notre engagement \u00e0 long terme \u00e0 R&amp;D et notre investissement dans des techniques avant-gardistes forment une base solide pour le d\u00e9veloppement durable de Sogestal. Travailler avec des installations inspect\u00e9es par le f\u00e9d\u00e9ral, ainsi qu\u2019avec la R&amp;D de d\u00e9veloppement et mat\u00e9riel, est notre avantage concurrentiel sur ce niveau de renomm\u00e9e internationale.<\/p><\/div>[\/vc_column_inner][vc_column_inner width=\u00a0\u00bb1\/2&Prime;]<div class=\"grve-element grve-slogan grve-align-right grve-animated-item grve-fadeInRight\" style=\"\" data-delay=\"200\"><div class=\"grve-subtitle\">Nous attachons une grande importance \u00e0 la seule devise<\/div><h2 class=\"grve-slogan-title grve-align-right grve-h2\"><span>Ressources<span class=\"grve-title-line grve-bg-primary-1\" style=\"width: 50px;height: 2px;\"><\/span><\/span><\/h2>  <p class=\"\">\u201c\u00catre consacr\u00e9, pratique, et comp\u00e9tent\u201c pour le service de prestige et de qualit\u00e9 orient\u00e9e vers le client. Notre \u00e9quipe professionnelle et bien inform\u00e9e a acc\u00e8s \u00e0 un Centre culinaire, un d\u00e9partement de marketing et un soutien administratif de premi\u00e8re classe.<\/p><\/div>[\/vc_column_inner][\/vc_row_inner][vc_empty_space height=\u00a0\u00bb60&Prime;][vc_row_inner][vc_column_inner width=\u00a0\u00bb1\/2&Prime;]<div class=\"grve-element grve-box-icon grve-align-left grve-small grve-animated-item grve-fadeInLeft\" style=\"\" data-delay=\"400\">  <div class=\"grve-wrapper-icon grve-no-shape grve-text-grey\"><i class=\"typcn typcn-business-card grve-text-primary-2\"><\/i><\/div>  <div class=\"grve-box-content\">      <h3 class=\"grve-box-title grve-h5\">Fournisseurs<\/h3>    <p class=\"\">Nous avons cr\u00e9\u00e9 une \u00e9quipe professionnelle d\u2019\u00e9lites fournisseurs internationaux de mati\u00e8re premi\u00e8re. Une connaissance approfondie de notre industrie est jumel\u00e9 \u00e0 une vari\u00e9t\u00e9 de fabricants et producteurs. Nous offrons \u00e9galement des produits sur mesure, adapt\u00e9es \u00e0 vos exigences.<\/p>  <\/div><\/div>[\/vc_column_inner][vc_column_inner width=\u00a0\u00bb1\/2&Prime;]<div class=\"grve-element grve-box-icon grve-align-left grve-small grve-animated-item grve-fadeInRight\" style=\"\" data-delay=\"400\">  <div class=\"grve-wrapper-icon grve-no-shape grve-text-grey\"><i class=\"entypo-icon entypo-icon-users grve-text-primary-2\"><\/i><\/div>  <div class=\"grve-box-content\">      <h3 class=\"grve-box-title grve-h5\">Gestion<\/h3>    <p class=\"\">SOGESTAL cherche constamment la haute qualit\u00e9, une gestion rigoureuse et l&rsquo;am\u00e9lioration de ses capacit\u00e9s dans ce march\u00e9 concurrentiel f\u00e9roce, qui \u00e0 son tour, a attir\u00e9 les marques de soci\u00e9t\u00e9s Fortune 500.<\/p>  <\/div><\/div>[\/vc_column_inner][\/vc_row_inner][\/vc_column][\/vc_row][vc_row bg_type=\u00a0\u00bbimage\u00a0\u00bb bg_image=\u00a0\u00bb10202&Prime; bg_image_type=\u00a0\u00bbparallax\u00a0\u00bb padding_top=\u00a0\u00bb50&Prime; padding_bottom=\u00a0\u00bb50&Prime;][vc_column css=\u00a0\u00bb.vc_custom_1508020050699{padding-top: 20px !important;padding-bottom: 20px !important;background-color: rgba(255,255,255,0.77) !important;*background-color: rgb(255,255,255) !important;}\u00a0\u00bb]<h3 class=\"grve-element grve-title grve-align-left grve-animated-item grve-fadeInLeft grve-h3\" style=\"\" data-delay=\"200\"><span>Notre Engagement<span class=\"grve-title-line grve-bg-primary-1\" style=\"width: 50px;height: 2px;\"><\/span><\/span><\/h3>[vc_column_text animation=\u00a0\u00bbfadeIn\u00a0\u00bb]<\/p>\n<p class=\"sub-title\">Nous passons beaucoup de temps \u00e0 \u00e9tudier notre industrie, et nous trouvons que les clients veulent trois choses &#8211; et ce sont ces choses que nous nous engageons \u00e0 fournir:<\/p>\n<ul>\n<li>Produits alimentaires de haute qualit\u00e9 parfaits pour votre entreprise<\/li>\n<li>Repas qui viennent avec un prix abordable<\/li>\n<li>Un produit fini qui est authentique, et go\u00fbte et semble incroyable<\/li>\n<\/ul>\n<p class=\"circle-box\">\u00a0Voil\u00e0 pourquoi ainsi que de fournir nos services de restauration, nous proposons les derni\u00e8res tendances des plus grandes marques de fabricants alimentaires au plus bas prix. Vous pouvez \u00eatre s\u00fbr que nous avons ce que vous voulez \u00e0 un prix que vous pouvez vous permettre.<\/p>\n<p>[\/vc_column_text][\/vc_column][\/vc_row][vc_row padding_bottom=\u00a0\u00bb3%\u00a0\u00bb][vc_column]<h3 class=\"grve-element grve-title grve-align-left grve-animated-item grve-fadeInLeft grve-h3\" style=\"\" data-delay=\"200\"><span>Nous<span class=\"grve-title-line grve-bg-primary-1\" style=\"width: 50px;height: 2px;\"><\/span><\/span><\/h3><blockquote class=\"grve-element grve-animated-item grve-fadeIn\" style=\"\" data-delay=\"200\"><p>CHOISSISONS avec vigilance les entreprises et les aliments que nous repr\u00e9sentons.<\/p><\/blockquote><blockquote class=\"grve-element grve-animated-item grve-fadeIn\" style=\"\" data-delay=\"200\"><p>NE VENDIONS RIEN que nous ne serions pas pr\u00eats \u00e0 manger.<\/p><\/blockquote><blockquote class=\"grve-element grve-animated-item grve-fadeIn\" style=\"\" data-delay=\"200\"><p>SOMMES fiers des produits que nous vendons et des entreprises qui nous ont confi\u00e9 la croissance de leurs entreprises.<\/p><\/blockquote><blockquote class=\"grve-element grve-animated-item grve-fadeIn\" style=\"\" data-delay=\"200\"><p>VOUDRIONS que notre enthousiasme pour les aliments que nous vendons et les entreprises que nous repr\u00e9sentons vous oblige \u00e0 essayer nos produits et services, et de voir ce que nous avons \u00e0 offrir.<\/p><\/blockquote>[\/vc_column][\/vc_row][vc_row heading_color=\u00a0\u00bblight\u00a0\u00bb section_type=\u00a0\u00bbfullwidth\u00a0\u00bb bg_type=\u00a0\u00bbcolor\u00a0\u00bb bg_color=\u00a0\u00bb#000000&Prime; padding_top=\u00a0\u00bb100&Prime; font_color=\u00a0\u00bb#ffffff\u00a0\u00bb section_id=\u00a0\u00bbproducts\u00a0\u00bb padding_bottom=\u00a0\u00bb100&Prime;][vc_column][vc_row_inner][vc_column_inner css=\u00a0\u00bb.vc_custom_1444665662117{margin-top: -150px !important;}\u00a0\u00bb]<div class=\"grve-element grve-single-icon grve-align-center grve-large grve-with-shape\" style=\"\">  <div class=\"grve-wrapper-icon grve-simple grve-circle grve-bg-primary-1\"><i class=\"entypo-icon entypo-icon-picture grve-text-white\"><\/i><\/div><\/div>[\/vc_column_inner][\/vc_row_inner]<h3 class=\"grve-element grve-title grve-align-center grve-h3\" style=\"\"><span>Nos Produits<\/span><\/h3>\t\t\t<div class=\"grve-element grve-carousel-wrapper grve-with-gap\" style=\"\" data-items=\"3\" data-slider-autoplay=\"yes\" data-slider-speed=\"3000\" data-slider-pause=\"yes\" data-pagination-speed=\"400\" data-pagination=\"no\" data-gutter-size=\"40\">\r\n\t\t\r\n\t\t\t\r\n\t\t<div class=\"grve-carousel-navigation grve-dark grve-navigation-4 grve-navigation-carousel\">\t<div class=\"grve-carousel-buttons\">\t\t<div class=\"grve-carousel-prev\">\t\t\t<i class=\"grve-icon-arrow-left\"><\/i>\t\t<\/div>\t\t<div class=\"grve-carousel-next\">\t\t\t<i class=\"grve-icon-arrow-right\"><\/i>\t\t<\/div>\t<\/div><\/div>\t\t\t<div class=\"grve-carousel grve-carousel-element grve-portfolio\" data-items=\"3\" data-slider-autoplay=\"yes\" data-slider-speed=\"3000\" data-slider-pause=\"yes\" data-pagination-speed=\"400\" data-pagination=\"no\" data-gutter-size=\"40\">\r\n<div class=\"grve-carousel-item\">\t\t\t\t\t<article id=\"portfolio-10180-69f2ea0e8127f\" class=\"grve-portfolio-item post-10180 portfolio type-portfolio status-publish has-post-thumbnail hentry portfolio_category-premiere-moison\">\r\n\t\t\t\t\t\t\t\t\t\t\t\t\t<figure class=\"grve-hover-style-1 grve-image-hover grve-zoom-out\">\r\n\r\n\t\t\t\t\t\t\t\t<div class=\"grve-media grve-text-light grve-bg-none\">\r\n\t\t\t\t\t\t\t\t\t\t\t\t\t\t\t\t\t\t<div class=\"grve-bg-primary-1 grve-hover-overlay grve-opacity-80\"><\/div>\r\n\t\t\t\t\t\t\t\t\t\t\t\t\t\t\t\t\t\t<img loading=\"lazy\" decoding=\"async\" width=\"800\" height=\"600\" src=\"https:\/\/sogestal.com\/wp-content\/uploads\/2017\/10\/Mapp_PMO_Bte_Mini_PainsRaisin_2016_08_24_LR-800x600.jpg\" class=\"attachment-blade-grve-small-rect-horizontal size-blade-grve-small-rect-horizontal\" alt=\"\" srcset=\"https:\/\/sogestal.com\/wp-content\/uploads\/2017\/10\/Mapp_PMO_Bte_Mini_PainsRaisin_2016_08_24_LR-800x600.jpg 800w, https:\/\/sogestal.com\/wp-content\/uploads\/2017\/10\/Mapp_PMO_Bte_Mini_PainsRaisin_2016_08_24_LR-300x224.jpg 300w\" sizes=\"auto, (max-width: 800px) 100vw, 800px\" \/>\r\n\t\t\t\t\t\t\t\t\t\t\t\t\t\t\t\t\t<\/div>\r\n\t\t\t\t\t\t\t\t<figcaption>\r\n\t\t\t\t\t\t\t\t\t<div class=\"grve-portfolio-content\">\r\n\t\t\t\t\t\t\t\t\t\t\t\t\t\t\t\t\t\t\t\t<h2 class=\"grve-title grve-text-light grve-h5\">Mini pains aux raisins<\/h2>\r\n\t\t\t\t\t\t\t\t\t\t\r\n\t\t\t\t\t\t\t\t\t\t\t\t\t\t\t\t\t\t\t\t\t<a class=\"grve-portfolio-btn grve-text-light\" href=\"https:\/\/sogestal.com\/fr\/portfolio\/mini-pains-aux-raisins\/\">More Details<\/a>\r\n\t\t\t\t\t\t\t\t\t\t\t\t\t\t\t\t\t\t\t<\/div>\r\n\t\t\t\t\t\t\t\t<\/figcaption>\r\n\t\t\t\t\t\t\t<\/figure>\r\n\t\t\t\t\t\t\r\n\t\t\t\t\t<\/article>\r\n<\/div><div class=\"grve-carousel-item\">\t\t\t\t\t<article id=\"portfolio-10168-69f2ea0e818f6\" class=\"grve-portfolio-item post-10168 portfolio type-portfolio status-publish has-post-thumbnail hentry portfolio_category-premiere-moison\">\r\n\t\t\t\t\t\t\t\t\t\t\t\t\t<figure class=\"grve-hover-style-1 grve-image-hover grve-zoom-out\">\r\n\r\n\t\t\t\t\t\t\t\t<div class=\"grve-media grve-text-light grve-bg-none\">\r\n\t\t\t\t\t\t\t\t\t\t\t\t\t\t\t\t\t\t<div class=\"grve-bg-primary-1 grve-hover-overlay grve-opacity-80\"><\/div>\r\n\t\t\t\t\t\t\t\t\t\t\t\t\t\t\t\t\t\t<img loading=\"lazy\" decoding=\"async\" width=\"800\" height=\"600\" src=\"https:\/\/sogestal.com\/wp-content\/uploads\/2017\/10\/Mapp_PMO_Bte_Mini_Croissants_2016_08_24_LR-800x600.jpg\" class=\"attachment-blade-grve-small-rect-horizontal size-blade-grve-small-rect-horizontal\" alt=\"\" srcset=\"https:\/\/sogestal.com\/wp-content\/uploads\/2017\/10\/Mapp_PMO_Bte_Mini_Croissants_2016_08_24_LR-800x600.jpg 800w, https:\/\/sogestal.com\/wp-content\/uploads\/2017\/10\/Mapp_PMO_Bte_Mini_Croissants_2016_08_24_LR-300x224.jpg 300w\" sizes=\"auto, (max-width: 800px) 100vw, 800px\" \/>\r\n\t\t\t\t\t\t\t\t\t\t\t\t\t\t\t\t\t<\/div>\r\n\t\t\t\t\t\t\t\t<figcaption>\r\n\t\t\t\t\t\t\t\t\t<div class=\"grve-portfolio-content\">\r\n\t\t\t\t\t\t\t\t\t\t\t\t\t\t\t\t\t\t\t\t<h2 class=\"grve-title grve-text-light grve-h5\">Mini croissants<\/h2>\r\n\t\t\t\t\t\t\t\t\t\t\r\n\t\t\t\t\t\t\t\t\t\t\t\t\t\t\t\t\t\t\t\t\t<a class=\"grve-portfolio-btn grve-text-light\" href=\"https:\/\/sogestal.com\/fr\/portfolio\/mini-croissants\/\">More Details<\/a>\r\n\t\t\t\t\t\t\t\t\t\t\t\t\t\t\t\t\t\t\t<\/div>\r\n\t\t\t\t\t\t\t\t<\/figcaption>\r\n\t\t\t\t\t\t\t<\/figure>\r\n\t\t\t\t\t\t\r\n\t\t\t\t\t<\/article>\r\n<\/div><div class=\"grve-carousel-item\">\t\t\t\t\t<article id=\"portfolio-10159-69f2ea0e81e5e\" class=\"grve-portfolio-item post-10159 portfolio type-portfolio status-publish has-post-thumbnail hentry portfolio_category-premiere-moison\">\r\n\t\t\t\t\t\t\t\t\t\t\t\t\t<figure class=\"grve-hover-style-1 grve-image-hover grve-zoom-out\">\r\n\r\n\t\t\t\t\t\t\t\t<div class=\"grve-media grve-text-light grve-bg-none\">\r\n\t\t\t\t\t\t\t\t\t\t\t\t\t\t\t\t\t\t<div class=\"grve-bg-primary-1 grve-hover-overlay grve-opacity-80\"><\/div>\r\n\t\t\t\t\t\t\t\t\t\t\t\t\t\t\t\t\t\t<img loading=\"lazy\" decoding=\"async\" width=\"800\" height=\"596\" src=\"https:\/\/sogestal.com\/wp-content\/uploads\/2017\/10\/Mapp_PMO_Bte_Mini_Chocolatines_2016_08_24_LR.jpg\" class=\"attachment-blade-grve-small-rect-horizontal size-blade-grve-small-rect-horizontal\" alt=\"\" srcset=\"https:\/\/sogestal.com\/wp-content\/uploads\/2017\/10\/Mapp_PMO_Bte_Mini_Chocolatines_2016_08_24_LR.jpg 1200w, https:\/\/sogestal.com\/wp-content\/uploads\/2017\/10\/Mapp_PMO_Bte_Mini_Chocolatines_2016_08_24_LR-300x224.jpg 300w, https:\/\/sogestal.com\/wp-content\/uploads\/2017\/10\/Mapp_PMO_Bte_Mini_Chocolatines_2016_08_24_LR-768x572.jpg 768w, https:\/\/sogestal.com\/wp-content\/uploads\/2017\/10\/Mapp_PMO_Bte_Mini_Chocolatines_2016_08_24_LR-1024x763.jpg 1024w\" sizes=\"auto, (max-width: 800px) 100vw, 800px\" \/>\r\n\t\t\t\t\t\t\t\t\t\t\t\t\t\t\t\t\t<\/div>\r\n\t\t\t\t\t\t\t\t<figcaption>\r\n\t\t\t\t\t\t\t\t\t<div class=\"grve-portfolio-content\">\r\n\t\t\t\t\t\t\t\t\t\t\t\t\t\t\t\t\t\t\t\t<h2 class=\"grve-title grve-text-light grve-h5\">MINI CHOCOLATINES<\/h2>\r\n\t\t\t\t\t\t\t\t\t\t\r\n\t\t\t\t\t\t\t\t\t\t\t\t\t\t\t\t\t\t\t\t\t<a class=\"grve-portfolio-btn grve-text-light\" href=\"https:\/\/sogestal.com\/fr\/portfolio\/mini-chocolatines\/\">More Details<\/a>\r\n\t\t\t\t\t\t\t\t\t\t\t\t\t\t\t\t\t\t\t<\/div>\r\n\t\t\t\t\t\t\t\t<\/figcaption>\r\n\t\t\t\t\t\t\t<\/figure>\r\n\t\t\t\t\t\t\r\n\t\t\t\t\t<\/article>\r\n<\/div>\t\t\t\t<\/div>\r\n\t\t\t<\/div>\r\n\r\n\t\t[\/vc_column][\/vc_row][vc_row][vc_column]<div class=\"grve-element grve-carousel-wrapper grve-with-gap\" style=\"\"><div class=\"grve-carousel-navigation grve-light grve-navigation-1 grve-navigation-carousel\">\t<div class=\"grve-carousel-buttons\">\t\t<div class=\"grve-carousel-prev\">\t\t\t<i class=\"grve-icon-arrow-left-alt\"><\/i>\t\t<\/div>\t\t<div class=\"grve-carousel-next\">\t\t\t<i class=\"grve-icon-arrow-right-alt\"><\/i>\t\t<\/div>\t<\/div><\/div>\t<div class=\"grve-flexible-carousel grve-carousel-element \" data-items=\"1\" data-tablet-landscape-items=\"1\" data-tablet-portrait-items=\"1\" data-mobile-items=\"1\" data-slider-speed=\"4000\" data-pagination-speed=\"400\" data-pagination=\"no\" data-slider-autoheight=\"no\" data-slider-pause=\"yes\" data-slider-autoplay=\"yes\"><div class=\"grve-element grve-slogan grve-align-left\" style=\"\"><div class=\"grve-subtitle\">Notre<\/div><h2 class=\"grve-slogan-title grve-align-left grve-h2\"><span>Travail<span class=\"grve-title-line grve-bg-green\" style=\"width: 50px;height: 2px;\"><\/span><\/span><\/h2>  <p class=\"grve-leader-text\">est la commercialisation et la vente de repas rentables et de premi\u00e8re qualit\u00e9.<\/p><\/div><div class=\"grve-element grve-slogan grve-align-left\" style=\"\"><div class=\"grve-subtitle\">Notre<\/div><h2 class=\"grve-slogan-title grve-align-left grve-h2\"><span>Mission<span class=\"grve-title-line grve-bg-primary-4\" style=\"width: 50px;height: 2px;\"><\/span><\/span><\/h2>  <p class=\"grve-leader-text\">est de r\u00e9pondre \u00e0 un march\u00e9 de qualit\u00e9 en constante \u00e9volution, avec des produits alimentaires innovants d&rsquo;une mani\u00e8re professionnelle, \u00e9thique et efficace.<\/p><\/div><div class=\"grve-element grve-slogan grve-align-left\" style=\"\"><div class=\"grve-subtitle\">Notre<\/div><h2 class=\"grve-slogan-title grve-align-left grve-h2\"><span>PRIORITE<span class=\"grve-title-line grve-bg-primary-1\" style=\"width: 50px;height: 2px;\"><\/span><\/span><\/h2>  <p class=\"grve-leader-text\">est nos clients &#8211; les fabricants, les transformateurs, les distributeurs et les utilisateurs finaux de nos produits finis.<\/p><\/div>\t<\/div><\/div>[\/vc_column][\/vc_row][vc_row section_type=\u00a0\u00bbfullwidth\u00a0\u00bb equal_column_height=\u00a0\u00bbequal-column\u00a0\u00bb section_id=\u00a0\u00bbcontact\u00a0\u00bb][vc_column width=\u00a0\u00bb1\/2&Prime; css=\u00a0\u00bb.vc_custom_1508030251800{padding-top: 5% !important;padding-bottom: 5% !important;padding-left: 20% !important;background-color: rgba(0,0,0,0.09) !important;*background-color: rgb(0,0,0) !important;}\u00a0\u00bb]<h3 class=\"grve-element grve-title grve-align-left grve-animated-item grve-fadeInLeft grve-h3\" style=\"\" data-delay=\"200\"><span>Nous Joindre<span class=\"grve-title-line grve-bg-primary-1\" style=\"width: 50px;height: 2px;\"><\/span><\/span><\/h3><div class=\"grve-element grve-image grve-animated-item grve-fadeInLeft grve-align-left\" style=\"\" data-delay=\"200\"><img loading=\"lazy\" decoding=\"async\" width=\"300\" height=\"85\" src=\"https:\/\/sogestal.com\/wp-content\/uploads\/2022\/06\/Sogestal-Logo-2022a-300x85.png\" class=\"attachment-medium size-medium\" alt=\"\" srcset=\"https:\/\/sogestal.com\/wp-content\/uploads\/2022\/06\/Sogestal-Logo-2022a-300x85.png 300w, https:\/\/sogestal.com\/wp-content\/uploads\/2022\/06\/Sogestal-Logo-2022a-1024x291.png 1024w, https:\/\/sogestal.com\/wp-content\/uploads\/2022\/06\/Sogestal-Logo-2022a-768x218.png 768w, https:\/\/sogestal.com\/wp-content\/uploads\/2022\/06\/Sogestal-Logo-2022a-1536x437.png 1536w, https:\/\/sogestal.com\/wp-content\/uploads\/2022\/06\/Sogestal-Logo-2022a.png 1800w\" sizes=\"auto, (max-width: 300px) 100vw, 300px\" \/><\/div>[vc_column_text animation=\u00a0\u00bbfadeInLeft\u00a0\u00bb]<\/p>\n<h5 class=\"grve-box-title\"><\/h5>\n<h5 class=\"grve-box-title\"><\/h5>\n<p>[\/vc_column_text][\/vc_column][vc_column width=\u00a0\u00bb1\/2&Prime; heading_color=\u00a0\u00bblight\u00a0\u00bb css=\u00a0\u00bb.vc_custom_1508030516876{padding-top: 5% !important;padding-right: 19% !important;padding-bottom: 5% !important;padding-left: 5% !important;background-color: rgba(30,115,190,0.69) !important;*background-color: rgb(30,115,190) !important;}\u00a0\u00bb font_color=\u00a0\u00bb#ffffff\u00a0\u00bb]\n<div class=\"wpcf7 no-js\" id=\"wpcf7-f10152-o1\" lang=\"\" dir=\"ltr\" data-wpcf7-id=\"10152\">\n<div class=\"screen-reader-response\"><p role=\"status\" aria-live=\"polite\" aria-atomic=\"true\"><\/p> <ul><\/ul><\/div>\n<form action=\"\/fr\/wp-json\/wp\/v2\/pages\/10145#wpcf7-f10152-o1\" method=\"post\" class=\"wpcf7-form init\" aria-label=\"Formulaire de contact\" novalidate=\"novalidate\" data-status=\"init\">\n<fieldset class=\"hidden-fields-container\"><input type=\"hidden\" name=\"_wpcf7\" value=\"10152\" \/><input type=\"hidden\" name=\"_wpcf7_version\" value=\"6.1.5\" \/><input type=\"hidden\" name=\"_wpcf7_locale\" value=\"\" \/><input type=\"hidden\" name=\"_wpcf7_unit_tag\" value=\"wpcf7-f10152-o1\" \/><input type=\"hidden\" name=\"_wpcf7_container_post\" value=\"0\" \/><input type=\"hidden\" name=\"_wpcf7_posted_data_hash\" value=\"\" \/><input type=\"hidden\" name=\"_wpcf7_recaptcha_response\" value=\"\" \/>\n<\/fieldset>\n<div class=\"grve-form-style-1 grve-form-light\">\n\t<div class=\"grve-one-third\">\n\t\t<p><span class=\"wpcf7-form-control-wrap\" data-name=\"your-name\"><input size=\"40\" maxlength=\"400\" class=\"wpcf7-form-control wpcf7-text\" aria-invalid=\"false\" placeholder=\"Votre nom\" value=\"\" type=\"text\" name=\"your-name\" \/><\/span>\n\t\t<\/p>\n\t<\/div>\n\t<div class=\"grve-one-third\">\n\t\t<p><span class=\"wpcf7-form-control-wrap\" data-name=\"your-email\"><input size=\"40\" maxlength=\"400\" class=\"wpcf7-form-control wpcf7-email wpcf7-validates-as-required wpcf7-text wpcf7-validates-as-email\" aria-required=\"true\" aria-invalid=\"false\" placeholder=\"Votre e-mail (required)\" value=\"\" type=\"email\" name=\"your-email\" \/><\/span>\n\t\t<\/p>\n\t<\/div>\n\t<div class=\"grve-one-third grve-last-column\">\n\t\t<p><span class=\"wpcf7-form-control-wrap\" data-name=\"your-subject\"><input size=\"40\" maxlength=\"400\" class=\"wpcf7-form-control wpcf7-text\" aria-invalid=\"false\" placeholder=\"Sujet\" value=\"\" type=\"text\" name=\"your-subject\" \/><\/span>\n\t\t<\/p>\n\t<\/div>\n\t<div>\n\t\t<p><span class=\"wpcf7-form-control-wrap\" data-name=\"your-message\"><textarea cols=\"40\" rows=\"10\" maxlength=\"2000\" class=\"wpcf7-form-control wpcf7-textarea\" aria-invalid=\"false\" name=\"your-message\"><\/textarea><\/span>\n\t\t<\/p>\n\t<\/div>\n\t<div class=\"grve-align-center\">\n\t\t<p><input class=\"wpcf7-form-control wpcf7-submit has-spinner\" type=\"submit\" value=\"Envoyer message\" \/>\n\t\t<\/p>\n\t<\/div>\n<\/div><div class=\"wpcf7-response-output\" aria-hidden=\"true\"><\/div>\n<\/form>\n<\/div>\n[\/vc_column][\/vc_row][vc_row margin_bottom=\u00a0\u00bb0&Prime;][vc_column]<div class=\"grve-element grve-hr \" style=\"\"><div class=\"grve-line-divider\"><\/div><\/div>[\/vc_column][\/vc_row][vc_row bg_type=\u00a0\u00bbcolor\u00a0\u00bb footer_feature=\u00a0\u00bbyes\u00a0\u00bb equal_column_height=\u00a0\u00bbmiddle-content\u00a0\u00bb padding_top=\u00a0\u00bb40&Prime; padding_bottom=\u00a0\u00bb40&Prime; margin_bottom=\u00a0\u00bb0&Prime;][vc_column width=\u00a0\u00bb2\/3&Prime; tablet_sm_width=\u00a0\u00bb1&Prime;]<h3 class=\"grve-element grve-typed-text grve-align-center grve-h4\" style=\"\">    <span class=\"grve-typed-text-prefix\"> SOGESTAL<\/span>    <span class=\"grve-animated-text grve-text-black\">    \t<span id=\"grve-typed-item-69f2ea0e83271\"><\/span>    <\/span>    <span class=\"grve-typed-text-suffix\"> <\/span><script type=\"text\/javascript\">\r\n\t\t\t\tjQuery(function($){ $(\"#grve-typed-item-69f2ea0e83271\").typed({\r\n\t\t\t\t\tstrings: [\"Fra\u00eecheur garantie\",\"Qualit\u00e9 assur\u00e9e\",\"Grande saveur\"],\r\n\t\t\t\t\ttypeSpeed: 100,\r\n\t\t\t\t\tbackSpeed: 80,\r\n\t\t\t\t\tstartDelay: 0,\r\n\t\t\t\t\tbackDelay: 500,\r\n\t\t\t\t\tloop: true,\r\n\t\t\t\t\tloopCount: false,\r\n\t\t\t\t\tshowCursor: true,\r\n\t\t\t\t\tcursorChar: \"_\",\r\n\t\t\t\t\tcontentType: null,\r\n\t\t\t\t\tattr: null\r\n\t\t\t\t});\r\n\t\t\t});\r\n\t\t<\/script><\/h3>[\/vc_column][\/vc_row]<\/p>\n<\/div>","protected":false},"excerpt":{"rendered":"<p>[vc_row section_type=\u00a0\u00bbfullwidth\u00a0\u00bb header_feature=\u00a0\u00bbyes\u00a0\u00bb][vc_column][rev_slider_vc alias=\u00a0\u00bbh2&Prime;][\/vc_column][\/vc_row][vc_row margin_bottom=\u00a0\u00bb0&Prime; padding_bottom=\u00a0\u00bb50&Prime; section_id=\u00a0\u00bbabout\u00a0\u00bb][vc_column css=\u00a0\u00bb.vc_custom_1444663604145{padding-right: 15% !important;padding-left: 15% !important;}\u00a0\u00bb][\/vc_column][\/vc_row][vc_row margin_bottom=\u00a0\u00bb0&Prime;][vc_column][\/vc_column][\/vc_row][vc_row padding_top=\u00a0\u00bb100&Prime; padding_bottom=\u00a0\u00bb100&Prime; margin_bottom=\u00a0\u00bb0&Prime; section_id=\u00a0\u00bbfeatures\u00a0\u00bb][vc_column tablet_sm_width=\u00a0\u00bb1-2&Prime;][vc_row_inner][vc_column_inner width=\u00a0\u00bb1\/2&Prime;][\/vc_column_inner][vc_column_inner width=\u00a0\u00bb1\/2&Prime;][\/vc_column_inner][\/vc_row_inner][vc_empty_space height=\u00a0\u00bb60&Prime;][vc_row_inner][vc_column_inner width=\u00a0\u00bb1\/2&Prime;][\/vc_column_inner][vc_column_inner width=\u00a0\u00bb1\/2&Prime;][\/vc_column_inner][\/vc_row_inner][\/vc_column][\/vc_row][vc_row bg_type=\u00a0\u00bbimage\u00a0\u00bb bg_image=\u00a0\u00bb10202&Prime; bg_image_type=\u00a0\u00bbparallax\u00a0\u00bb padding_top=\u00a0\u00bb50&Prime; padding_bottom=\u00a0\u00bb50&Prime;][vc_column css=\u00a0\u00bb.vc_custom_1508020050699{padding-top: 20px !important;padding-bottom: 20px !important;background-color: rgba(255,255,255,0.77) !important;*background-color: rgb(255,255,255) !important;}\u00a0\u00bb][vc_column_text animation=\u00a0\u00bbfadeIn\u00a0\u00bb] Nous passons beaucoup de temps \u00e0 \u00e9tudier notre industrie, et nous trouvons que les clients veulent trois [&hellip;]<\/p>\n","protected":false},"author":1,"featured_media":0,"parent":0,"menu_order":0,"comment_status":"closed","ping_status":"closed","template":"","meta":{"footnotes":""},"class_list":["post-10145","page","type-page","status-publish","hentry"],"_links":{"self":[{"href":"https:\/\/sogestal.com\/fr\/wp-json\/wp\/v2\/pages\/10145","targetHints":{"allow":["GET"]}}],"collection":[{"href":"https:\/\/sogestal.com\/fr\/wp-json\/wp\/v2\/pages"}],"about":[{"href":"https:\/\/sogestal.com\/fr\/wp-json\/wp\/v2\/types\/page"}],"author":[{"embeddable":true,"href":"https:\/\/sogestal.com\/fr\/wp-json\/wp\/v2\/users\/1"}],"replies":[{"embeddable":true,"href":"https:\/\/sogestal.com\/fr\/wp-json\/wp\/v2\/comments?post=10145"}],"version-history":[{"count":5,"href":"https:\/\/sogestal.com\/fr\/wp-json\/wp\/v2\/pages\/10145\/revisions"}],"predecessor-version":[{"id":10420,"href":"https:\/\/sogestal.com\/fr\/wp-json\/wp\/v2\/pages\/10145\/revisions\/10420"}],"wp:attachment":[{"href":"https:\/\/sogestal.com\/fr\/wp-json\/wp\/v2\/media?parent=10145"}],"curies":[{"name":"wp","href":"https:\/\/api.w.org\/{rel}","templated":true}]}}